{"id":4078,"date":"2026-02-25T05:22:10","date_gmt":"2026-02-25T05:22:10","guid":{"rendered":"https:\/\/vandorst-transport.com\/polasai-priobhaideachais\/"},"modified":"2026-02-25T05:41:00","modified_gmt":"2026-02-25T05:41:00","slug":"polasai-priobhaideachais","status":"publish","type":"page","link":"https:\/\/vandorst-transport.com\/ga\/polasai-priobhaideachais\/","title":{"rendered":"Polasa\u00ed Pr\u00edobh\u00e1ideachais"},"content":{"rendered":"\t\t<div data-elementor-type=\"wp-page\" data-elementor-id=\"4078\" class=\"elementor elementor-4078 elementor-3599\" data-elementor-post-type=\"page\">\n\t\t\t\t<div class=\"elementor-element elementor-element-2602b94f e-flex e-con-boxed e-con e-parent\" data-id=\"2602b94f\" data-element_type=\"container\" data-e-type=\"container\">\n\t\t\t\t\t<div class=\"e-con-inner\">\n\t\t\n\n\n\t\t<div class=\"elementor-element elementor-element-8bdcf50 elementor-widget elementor-widget-text-editor\" data-id=\"8bdcf50\" data-element_type=\"widget\" data-e-type=\"widget\" data-widget_type=\"text-editor.default\">\n\t\t\t\t\t\t\t\t\t<p data-start=\"250\" data-end=\"433\">T\u00e1 meas ag Van Dorst Transport BV ar phr\u00edobh\u00e1ideacht cuairteoir\u00ed a shu\u00edomh gr\u00e9as\u00e1in agus cinnt\u00edonn s\u00e9 go gcaitear go r\u00fanda leis an bhfaisn\u00e9is phearsanta a shol\u00e1thra\u00edonn t\u00fa.<\/p><h3 data-start=\"435\" data-end=\"475\">Sonra\u00ed pearsanta a phr\u00f3ise\u00e1laimid<\/h3><p data-start=\"476\" data-end=\"647\">Pr\u00f3ise\u00e1lann Van Dorst Transport BV do shonra\u00ed pearsanta toisc go n-\u00fas\u00e1ideann t\u00fa \u00e1r seirbh\u00eds\u00ed agus\/n\u00f3 toisc go sol\u00e1thra\u00edonn t\u00fa na sonra\u00ed seo d\u00fainn f\u00e9in. D\u2019fh\u00e9adfadh s\u00e9 seo a bheith san \u00e1ireamh: <\/p><ul data-start=\"649\" data-end=\"820\"><li data-start=\"649\" data-end=\"676\"><p data-start=\"651\" data-end=\"676\">Ainm agus sonra\u00ed teagmh\u00e1la<\/p><\/li><li data-start=\"677\" data-end=\"693\"><p data-start=\"679\" data-end=\"693\">Ainm na cuideachta<\/p><\/li><li data-start=\"694\" data-end=\"709\"><p data-start=\"696\" data-end=\"709\">Seoladh r\u00edomhphoist<\/p><\/li><li data-start=\"710\" data-end=\"728\"><p data-start=\"712\" data-end=\"728\">Uimhir theileaf\u00f3in<\/p><\/li><li data-start=\"729\" data-end=\"820\"><p data-start=\"731\" data-end=\"820\">Sonra\u00ed eile a shol\u00e1thra\u00edonn t\u00fa go gn\u00edomhach, mar shampla tr\u00ed r\u00edomhphost n\u00f3 tr\u00ed n\u00f3im\u00e9id teagmh\u00e1la<\/p><\/li><\/ul><h3 data-start=\"822\" data-end=\"856\">Cusp\u00f3ir\u00ed na pr\u00f3ise\u00e1la<\/h3><p data-start=\"857\" data-end=\"915\">Pr\u00f3ise\u00e1laimid do shonra\u00ed pearsanta chun na gcr\u00edoch seo a leanas:<\/p><ul data-start=\"917\" data-end=\"1109\"><li data-start=\"917\" data-end=\"969\"><p data-start=\"919\" data-end=\"969\">D&#8217;iarratas n\u00f3 d&#8217;iarratas teagmh\u00e1la \u00e1 phr\u00f3ise\u00e1il<\/p><\/li><li data-start=\"970\" data-end=\"1023\"><p data-start=\"972\" data-end=\"1023\">Faisn\u00e9is a shol\u00e1thar faoin\u00e1r seirbh\u00eds\u00ed<\/p><\/li><li data-start=\"1024\" data-end=\"1060\"><p data-start=\"1026\" data-end=\"1060\">Forghn\u00edomh\u00fa comhaontuithe<\/p><\/li><li data-start=\"1061\" data-end=\"1109\"><p data-start=\"1063\" data-end=\"1109\">Oibleag\u00e1id\u00ed riarach\u00e1in agus dl\u00edthi\u00fala<\/p><\/li><\/ul><h3 data-start=\"1111\" data-end=\"1132\">Tr\u00e9imhs\u00ed coinne\u00e1la<\/h3><p data-start=\"1133\" data-end=\"1347\">N\u00ed st\u00f3r\u00e1lfaidh Van Dorst Transport BV do shonra\u00ed pearsanta ar feadh tr\u00e9imhse n\u00edos faide n\u00e1 mar is g\u00e1 chun na cr\u00edocha ar chucu a bhail\u00edtear do shonra\u00ed a bhaint amach, mura bhfuil tr\u00e9imhse choinne\u00e1la n\u00edos faide ag teast\u00e1il de r\u00e9ir dl\u00ed.<\/p><h3 data-start=\"1349\" data-end=\"1392\">Sonra\u00ed pearsanta a roinnt le tr\u00ed\u00fa p\u00e1irtithe<\/h3><p data-start=\"1393\" data-end=\"1732\">N\u00ed shol\u00e1thra\u00edmid do shonra\u00ed do thr\u00ed\u00fa p\u00e1irtithe ach amh\u00e1in m\u00e1 t\u00e1 s\u00e9 seo riachtanach chun \u00e1r gcomhaont\u00fa leat a chur i gcr\u00edch n\u00f3 chun oibleag\u00e1id dhl\u00edthi\u00fail a chomhl\u00edonadh. D\u00e9anaimid comhaontuithe pr\u00f3ise\u00e1la sonra\u00ed le p\u00e1irtithe a phr\u00f3ise\u00e1lann sonra\u00ed pearsanta thar \u00e1r gceann chun an leibh\u00e9al c\u00e9anna sl\u00e1nd\u00e1la agus r\u00fandachta a chinnti\u00fa. <\/p><h3 data-start=\"1734\" data-end=\"1772\">Sl\u00e1nd\u00e1il sonra\u00ed pearsanta<\/h3><p data-start=\"1773\" data-end=\"1965\">Glacann Van Dorst Transport BV bearta teicni\u00fala agus eagra\u00edocht\u00fala iomchu\u00ed chun m\u00ed-\u00fas\u00e1id, cailli\u00faint, rochtain neamh\u00fadaraithe, nochtadh nach dteasta\u00edonn agus modhn\u00fa neamh\u00fadaraithe a chosc.<\/p><h3 data-start=\"1967\" data-end=\"1983\">Do chearta<\/h3><p data-start=\"1984\" data-end=\"2251\">T\u00e1 s\u00e9 de cheart agat rochtain a fh\u00e1il ar do shonra\u00ed pearsanta, iad a cheart\u00fa n\u00f3 a scriosadh. T\u00e1 s\u00e9 de cheart agat freisin ag\u00f3id a dh\u00e9anamh i gcoinne phr\u00f3ise\u00e1il do shonra\u00ed pearsanta n\u00f3 iniomparthacht sonra\u00ed a iarraidh, i gc\u00e1s inarb infheidhme de r\u00e9ir dl\u00ed. <\/p><p data-start=\"2253\" data-end=\"2327\">Is f\u00e9idir leat iarratas chuige seo a chur isteach tr\u00ed:<br data-start=\"2293\" data-end=\"2296\"> <strong data-start=\"2296\" data-end=\"2327\"><a class=\"decorated-link cursor-pointer\" rel=\"noopener\" data-start=\"2298\" data-end=\"2325\">info@vandorst-transport.com<\/a><\/strong><\/p><h3 data-start=\"2329\" data-end=\"2343\">Gear\u00e1in<\/h3><p data-start=\"2344\" data-end=\"2571\">M\u00e1 t\u00e1 gear\u00e1n agat faoi phr\u00f3ise\u00e1il do shonra\u00ed pearsanta, d\u00e9an teagmh\u00e1il linn. T\u00e1 s\u00e9 de cheart agat freisin gear\u00e1n a chomhd\u00fa leis an \u00dadar\u00e1s um Chosaint Sonra\u00ed san \u00cdsilt\u00edr tr\u00ed <a class=\"decorated-link cursor-pointer\" target=\"_new\" rel=\"noopener\" data-start=\"2537\" data-end=\"2570\">www.autoriteitpersoonsgegevens.nl<\/a> . <\/p><h3 data-start=\"2573\" data-end=\"2590\">Athruithe<\/h3><p data-start=\"2591\" data-end=\"2728\">Forchoime\u00e1dann Van Dorst Transport BV an ceart an polasa\u00ed pr\u00edobh\u00e1ideachais seo a athr\u00fa. Molaimid duit an leathanach seo a fh\u00e9achaint go rialta. <\/p>\t\t\t\t\t\t\t\t<\/div>\n\t\t\t\t\t<\/div>\n\t\t\t\t<\/div>\n\t\t\t\t<\/div>\n\t\t","protected":false},"excerpt":{"rendered":"<p>T\u00e1 meas ag Van Dorst Transport BV ar phr\u00edobh\u00e1ideacht cuairteoir\u00ed a shu\u00edomh gr\u00e9as\u00e1in agus cinnt\u00edonn s\u00e9 go gcaitear go r\u00fanda leis an bhfaisn\u00e9is phearsanta a shol\u00e1thra\u00edonn t\u00fa. Sonra\u00ed pearsanta a phr\u00f3ise\u00e1laimid Pr\u00f3ise\u00e1lann Van Dorst Transport BV do shonra\u00ed pearsanta toisc go n-\u00fas\u00e1ideann t\u00fa \u00e1r seirbh\u00eds\u00ed agus\/n\u00f3 toisc go sol\u00e1thra\u00edonn t\u00fa na sonra\u00ed seo d\u00fainn f\u00e9in. [&hellip;]<\/p>\n","protected":false},"author":1,"featured_media":0,"parent":0,"menu_order":0,"comment_status":"closed","ping_status":"closed","template":"","meta":{"_angie_page":false,"_monsterinsights_skip_tracking":false,"_monsterinsights_sitenote_active":false,"_monsterinsights_sitenote_note":"","_monsterinsights_sitenote_category":0,"footnotes":""},"class_list":["post-4078","page","type-page","status-publish","hentry"],"yoast_head":"<!-- This site is optimized with the Yoast SEO plugin v27.4 - https:\/\/yoast.com\/product\/yoast-seo-wordpress\/ -->\n<title>Polasa\u00ed Pr\u00edobh\u00e1ideachais - Van Dorst transport<\/title>\n<meta name=\"robots\" content=\"index, follow, max-snippet:-1, max-image-preview:large, max-video-preview:-1\" \/>\n<link rel=\"canonical\" href=\"https:\/\/vandorst-transport.com\/ga\/polasai-priobhaideachais\/\" \/>\n<meta property=\"og:locale\" content=\"en_US\" \/>\n<meta property=\"og:type\" content=\"article\" \/>\n<meta property=\"og:title\" content=\"Polasa\u00ed Pr\u00edobh\u00e1ideachais - Van Dorst transport\" \/>\n<meta property=\"og:description\" content=\"T\u00e1 meas ag Van Dorst Transport BV ar phr\u00edobh\u00e1ideacht cuairteoir\u00ed a shu\u00edomh gr\u00e9as\u00e1in agus cinnt\u00edonn s\u00e9 go gcaitear go r\u00fanda leis an bhfaisn\u00e9is phearsanta a shol\u00e1thra\u00edonn t\u00fa. Sonra\u00ed pearsanta a phr\u00f3ise\u00e1laimid Pr\u00f3ise\u00e1lann Van Dorst Transport BV do shonra\u00ed pearsanta toisc go n-\u00fas\u00e1ideann t\u00fa \u00e1r seirbh\u00eds\u00ed agus\/n\u00f3 toisc go sol\u00e1thra\u00edonn t\u00fa na sonra\u00ed seo d\u00fainn f\u00e9in. [&hellip;]\" \/>\n<meta property=\"og:url\" content=\"https:\/\/vandorst-transport.com\/ga\/polasai-priobhaideachais\/\" \/>\n<meta property=\"og:site_name\" content=\"Van Dorst transport\" \/>\n<meta property=\"article:modified_time\" content=\"2026-02-25T05:41:00+00:00\" \/>\n<meta name=\"twitter:card\" content=\"summary_large_image\" \/>\n<meta name=\"twitter:label1\" content=\"Est. reading time\" \/>\n\t<meta name=\"twitter:data1\" content=\"2 minutes\" \/>\n<script type=\"application\/ld+json\" class=\"yoast-schema-graph\">{\"@context\":\"https:\\\/\\\/schema.org\",\"@graph\":[{\"@type\":\"WebPage\",\"@id\":\"https:\\\/\\\/vandorst-transport.com\\\/ga\\\/polasai-priobhaideachais\\\/\",\"url\":\"https:\\\/\\\/vandorst-transport.com\\\/ga\\\/polasai-priobhaideachais\\\/\",\"name\":\"Polasa\u00ed Pr\u00edobh\u00e1ideachais - Van Dorst transport\",\"isPartOf\":{\"@id\":\"https:\\\/\\\/vandorst-transport.com\\\/ga\\\/#website\"},\"datePublished\":\"2026-02-25T05:22:10+00:00\",\"dateModified\":\"2026-02-25T05:41:00+00:00\",\"breadcrumb\":{\"@id\":\"https:\\\/\\\/vandorst-transport.com\\\/ga\\\/polasai-priobhaideachais\\\/#breadcrumb\"},\"inLanguage\":\"ga\",\"potentialAction\":[{\"@type\":\"ReadAction\",\"target\":[\"https:\\\/\\\/vandorst-transport.com\\\/ga\\\/polasai-priobhaideachais\\\/\"]}]},{\"@type\":\"BreadcrumbList\",\"@id\":\"https:\\\/\\\/vandorst-transport.com\\\/ga\\\/polasai-priobhaideachais\\\/#breadcrumb\",\"itemListElement\":[{\"@type\":\"ListItem\",\"position\":1,\"name\":\"Home\",\"item\":\"https:\\\/\\\/vandorst-transport.com\\\/ga\\\/\"},{\"@type\":\"ListItem\",\"position\":2,\"name\":\"Polasa\u00ed Pr\u00edobh\u00e1ideachais\"}]},{\"@type\":\"WebSite\",\"@id\":\"https:\\\/\\\/vandorst-transport.com\\\/ga\\\/#website\",\"url\":\"https:\\\/\\\/vandorst-transport.com\\\/ga\\\/\",\"name\":\"Van Dorst transport\",\"description\":\"\",\"publisher\":{\"@id\":\"https:\\\/\\\/vandorst-transport.com\\\/ga\\\/#organization\"},\"potentialAction\":[{\"@type\":\"SearchAction\",\"target\":{\"@type\":\"EntryPoint\",\"urlTemplate\":\"https:\\\/\\\/vandorst-transport.com\\\/ga\\\/?s={search_term_string}\"},\"query-input\":{\"@type\":\"PropertyValueSpecification\",\"valueRequired\":true,\"valueName\":\"search_term_string\"}}],\"inLanguage\":\"ga\"},{\"@type\":\"Organization\",\"@id\":\"https:\\\/\\\/vandorst-transport.com\\\/ga\\\/#organization\",\"name\":\"Van Dorst transport\",\"url\":\"https:\\\/\\\/vandorst-transport.com\\\/ga\\\/\",\"logo\":{\"@type\":\"ImageObject\",\"inLanguage\":\"ga\",\"@id\":\"https:\\\/\\\/vandorst-transport.com\\\/ga\\\/#\\\/schema\\\/logo\\\/image\\\/\",\"url\":\"https:\\\/\\\/vandorst-transport.com\\\/wp-content\\\/uploads\\\/2025\\\/02\\\/vDORST-Logo-wit.png\",\"contentUrl\":\"https:\\\/\\\/vandorst-transport.com\\\/wp-content\\\/uploads\\\/2025\\\/02\\\/vDORST-Logo-wit.png\",\"width\":795,\"height\":263,\"caption\":\"Van Dorst transport\"},\"image\":{\"@id\":\"https:\\\/\\\/vandorst-transport.com\\\/ga\\\/#\\\/schema\\\/logo\\\/image\\\/\"}}]}<\/script>\n<!-- \/ Yoast SEO plugin. -->","yoast_head_json":{"title":"Polasa\u00ed Pr\u00edobh\u00e1ideachais - Van Dorst transport","robots":{"index":"index","follow":"follow","max-snippet":"max-snippet:-1","max-image-preview":"max-image-preview:large","max-video-preview":"max-video-preview:-1"},"canonical":"https:\/\/vandorst-transport.com\/ga\/polasai-priobhaideachais\/","og_locale":"en_US","og_type":"article","og_title":"Polasa\u00ed Pr\u00edobh\u00e1ideachais - Van Dorst transport","og_description":"T\u00e1 meas ag Van Dorst Transport BV ar phr\u00edobh\u00e1ideacht cuairteoir\u00ed a shu\u00edomh gr\u00e9as\u00e1in agus cinnt\u00edonn s\u00e9 go gcaitear go r\u00fanda leis an bhfaisn\u00e9is phearsanta a shol\u00e1thra\u00edonn t\u00fa. Sonra\u00ed pearsanta a phr\u00f3ise\u00e1laimid Pr\u00f3ise\u00e1lann Van Dorst Transport BV do shonra\u00ed pearsanta toisc go n-\u00fas\u00e1ideann t\u00fa \u00e1r seirbh\u00eds\u00ed agus\/n\u00f3 toisc go sol\u00e1thra\u00edonn t\u00fa na sonra\u00ed seo d\u00fainn f\u00e9in. [&hellip;]","og_url":"https:\/\/vandorst-transport.com\/ga\/polasai-priobhaideachais\/","og_site_name":"Van Dorst transport","article_modified_time":"2026-02-25T05:41:00+00:00","twitter_card":"summary_large_image","twitter_misc":{"Est. reading time":"2 minutes"},"schema":{"@context":"https:\/\/schema.org","@graph":[{"@type":"WebPage","@id":"https:\/\/vandorst-transport.com\/ga\/polasai-priobhaideachais\/","url":"https:\/\/vandorst-transport.com\/ga\/polasai-priobhaideachais\/","name":"Polasa\u00ed Pr\u00edobh\u00e1ideachais - Van Dorst transport","isPartOf":{"@id":"https:\/\/vandorst-transport.com\/ga\/#website"},"datePublished":"2026-02-25T05:22:10+00:00","dateModified":"2026-02-25T05:41:00+00:00","breadcrumb":{"@id":"https:\/\/vandorst-transport.com\/ga\/polasai-priobhaideachais\/#breadcrumb"},"inLanguage":"ga","potentialAction":[{"@type":"ReadAction","target":["https:\/\/vandorst-transport.com\/ga\/polasai-priobhaideachais\/"]}]},{"@type":"BreadcrumbList","@id":"https:\/\/vandorst-transport.com\/ga\/polasai-priobhaideachais\/#breadcrumb","itemListElement":[{"@type":"ListItem","position":1,"name":"Home","item":"https:\/\/vandorst-transport.com\/ga\/"},{"@type":"ListItem","position":2,"name":"Polasa\u00ed Pr\u00edobh\u00e1ideachais"}]},{"@type":"WebSite","@id":"https:\/\/vandorst-transport.com\/ga\/#website","url":"https:\/\/vandorst-transport.com\/ga\/","name":"Van Dorst transport","description":"","publisher":{"@id":"https:\/\/vandorst-transport.com\/ga\/#organization"},"potentialAction":[{"@type":"SearchAction","target":{"@type":"EntryPoint","urlTemplate":"https:\/\/vandorst-transport.com\/ga\/?s={search_term_string}"},"query-input":{"@type":"PropertyValueSpecification","valueRequired":true,"valueName":"search_term_string"}}],"inLanguage":"ga"},{"@type":"Organization","@id":"https:\/\/vandorst-transport.com\/ga\/#organization","name":"Van Dorst transport","url":"https:\/\/vandorst-transport.com\/ga\/","logo":{"@type":"ImageObject","inLanguage":"ga","@id":"https:\/\/vandorst-transport.com\/ga\/#\/schema\/logo\/image\/","url":"https:\/\/vandorst-transport.com\/wp-content\/uploads\/2025\/02\/vDORST-Logo-wit.png","contentUrl":"https:\/\/vandorst-transport.com\/wp-content\/uploads\/2025\/02\/vDORST-Logo-wit.png","width":795,"height":263,"caption":"Van Dorst transport"},"image":{"@id":"https:\/\/vandorst-transport.com\/ga\/#\/schema\/logo\/image\/"}}]}},"_links":{"self":[{"href":"https:\/\/vandorst-transport.com\/ga\/wp-json\/wp\/v2\/pages\/4078","targetHints":{"allow":["GET"]}}],"collection":[{"href":"https:\/\/vandorst-transport.com\/ga\/wp-json\/wp\/v2\/pages"}],"about":[{"href":"https:\/\/vandorst-transport.com\/ga\/wp-json\/wp\/v2\/types\/page"}],"author":[{"embeddable":true,"href":"https:\/\/vandorst-transport.com\/ga\/wp-json\/wp\/v2\/users\/1"}],"replies":[{"embeddable":true,"href":"https:\/\/vandorst-transport.com\/ga\/wp-json\/wp\/v2\/comments?post=4078"}],"version-history":[{"count":1,"href":"https:\/\/vandorst-transport.com\/ga\/wp-json\/wp\/v2\/pages\/4078\/revisions"}],"predecessor-version":[{"id":4079,"href":"https:\/\/vandorst-transport.com\/ga\/wp-json\/wp\/v2\/pages\/4078\/revisions\/4079"}],"wp:attachment":[{"href":"https:\/\/vandorst-transport.com\/ga\/wp-json\/wp\/v2\/media?parent=4078"}],"curies":[{"name":"wp","href":"https:\/\/api.w.org\/{rel}","templated":true}]}}