{"id":3713,"date":"2026-02-25T05:25:18","date_gmt":"2026-02-25T05:25:18","guid":{"rendered":"https:\/\/vandorst-transport.com\/polasai-fianan\/"},"modified":"2026-02-25T05:40:41","modified_gmt":"2026-02-25T05:40:41","slug":"polasai-fianan","status":"publish","type":"page","link":"https:\/\/vandorst-transport.com\/ga\/polasai-fianan\/","title":{"rendered":"Polasa\u00ed Fian\u00e1n"},"content":{"rendered":"\t\t<div data-elementor-type=\"wp-page\" data-elementor-id=\"3713\" class=\"elementor elementor-3713 elementor-3604\" data-elementor-post-type=\"page\">\n\t\t\t\t<div class=\"elementor-element elementor-element-2602b94f e-flex e-con-boxed e-con e-parent\" data-id=\"2602b94f\" data-element_type=\"container\" data-e-type=\"container\">\n\t\t\t\t\t<div class=\"e-con-inner\">\n\t\t\n\n\n\t\t<div class=\"elementor-element elementor-element-8bdcf50 elementor-widget elementor-widget-text-editor\" data-id=\"8bdcf50\" data-element_type=\"widget\" data-e-type=\"widget\" data-widget_type=\"text-editor.default\">\n\t\t\t\t\t\t\t\t\t<p data-start=\"203\" data-end=\"404\">\u00das\u00e1ideann Van Dorst Transport BV fian\u00e1in ar a shu\u00edomh gr\u00e9as\u00e1in. Is comhaid bheaga t\u00e9acs iad fian\u00e1in a st\u00f3r\u00e1iltear ar do r\u00edomhaire, taibl\u00e9ad n\u00f3 f\u00f3n cliste nuair a thugann t\u00fa cuairt ar an su\u00edomh gr\u00e9as\u00e1in seo den ch\u00e9ad uair. <\/p><h3 data-start=\"406\" data-end=\"429\">Cad iad fian\u00e1in?<\/h3><p data-start=\"430\" data-end=\"675\">Cinnt\u00edonn fian\u00e1in go bhfeidhm\u00edonn an su\u00edomh Gr\u00e9as\u00e1in i gceart agus go gcuimhn\u00edtear ar do chuid sainroghanna. Is f\u00e9idir fian\u00e1in a \u00fas\u00e1id freisin chun l\u00e9argas a fh\u00e1il ar \u00fas\u00e1id an tsu\u00edmh Ghr\u00e9as\u00e1in, rud a ligeann d\u00fainn \u00e1r seirbh\u00eds\u00ed a fheabhs\u00fa. <\/p><h3 data-start=\"677\" data-end=\"711\">C\u00e9 na fian\u00e1in a \u00fas\u00e1idimid?<\/h3><p data-start=\"712\" data-end=\"774\">\u00das\u00e1ideann Van Dorst Transport BV na cine\u00e1lacha fian\u00e1n seo a leanas:<\/p><ul data-start=\"776\" data-end=\"1457\"><li data-start=\"776\" data-end=\"989\"><p data-start=\"778\" data-end=\"989\"><strong data-start=\"778\" data-end=\"801\">Fian\u00e1in fheidhmi\u00fala<\/strong><br data-start=\"801\" data-end=\"804\"> T\u00e1 na fian\u00e1in seo riachtanach chun go bhfeidhmeoidh an su\u00edomh Gr\u00e9as\u00e1in i gceart. Cinnt\u00edonn siad, mar shampla, go dtaispe\u00e1ntar an su\u00edomh Gr\u00e9as\u00e1in i gceart agus go n-oibr\u00edonn na feidhmi\u00falachta\u00ed bun\u00fasacha. <\/p><\/li><li data-start=\"991\" data-end=\"1234\"><p data-start=\"993\" data-end=\"1234\"><strong data-start=\"993\" data-end=\"1016\">Fian\u00e1in anail\u00edseacha<\/strong><br data-start=\"1016\" data-end=\"1019\"> Tugann na fian\u00e1in seo l\u00e9argas d\u00fainn ar \u00fas\u00e1id an tsu\u00edmh ghr\u00e9as\u00e1in, amhail c\u00e9 na leathanaigh is minice a dtugtar cuairt orthu. D\u00e9antar na sonra\u00ed seo a anaithnidi\u00fa agus n\u00ed f\u00e9idir iad a rian\u00fa siar go daoine aonair. <\/p><\/li><li data-start=\"1236\" data-end=\"1457\"><p data-start=\"1238\" data-end=\"1457\"><strong data-start=\"1238\" data-end=\"1295\">Fian\u00e1in mharga\u00edochta agus rianaithe (m\u00e1s infheidhme)<\/strong><br data-start=\"1295\" data-end=\"1298\"> Is f\u00e9idir na fian\u00e1in seo a chur i bhfeidhm chun \u00e1bhar agus f\u00f3gra\u00ed a chur in oiri\u00faint n\u00edos fearr do do leasanna. N\u00ed chuirtear na fian\u00e1in seo i bhfeidhm ach amh\u00e1in le do thoili\u00fa. <\/p><\/li><\/ul><h3 data-start=\"1459\" data-end=\"1495\">Bainistigh n\u00f3 scrios fian\u00e1in<\/h3><p data-start=\"1496\" data-end=\"1747\">Is f\u00e9idir leat do shocruithe fian\u00e1n a choigeart\u00fa tr\u00ed shocruithe do bhrabhs\u00e1la\u00ed idirl\u00edn. Is f\u00e9idir leat fian\u00e1in a scriosadh tr\u00ed shocruithe do bhrabhs\u00e1la\u00ed freisin. Tabhair faoi deara le do thoil nach bhf\u00e9adfadh an su\u00edomh Gr\u00e9as\u00e1in feidhmi\u00fa go barrmhaith m\u00e1 dh\u00edchumasa\u00edonn t\u00fa fian\u00e1in.<\/p><h3 data-start=\"1749\" data-end=\"1773\">Fian\u00e1in tr\u00ed\u00fa p\u00e1irt\u00ed<\/h3><p data-start=\"1774\" data-end=\"2036\">I gc\u00e1sanna \u00e1irithe, f\u00e9adfaidh tr\u00ed\u00fa p\u00e1irtithe fian\u00e1in a chur tr\u00edd \u00e1r su\u00edomh Gr\u00e9as\u00e1in, mar shampla nuair a \u00fas\u00e1idimid seirbh\u00eds\u00ed seachtracha amhail l\u00e9arsc\u00e1ileanna n\u00f3 uirlis\u00ed anail\u00edse. N\u00edl aon tionchar ag Van Dorst Transport BV ar \u00fas\u00e1id fian\u00e1n ag na tr\u00ed\u00fa p\u00e1irtithe seo.<\/p><h3 data-start=\"2038\" data-end=\"2055\">Athruithe<\/h3><p data-start=\"2056\" data-end=\"2192\">Forchoime\u00e1dann Van Dorst Transport BV an ceart an polasa\u00ed fian\u00e1n seo a athr\u00fa. Molaimid duit an leathanach seo a fh\u00e9achaint go rialta.<\/p>\t\t\t\t\t\t\t\t<\/div>\n\t\t\t\t\t<\/div>\n\t\t\t\t<\/div>\n\t\t\t\t<\/div>\n\t\t","protected":false},"excerpt":{"rendered":"<p>\u00das\u00e1ideann Van Dorst Transport BV fian\u00e1in ar a shu\u00edomh gr\u00e9as\u00e1in. Is comhaid bheaga t\u00e9acs iad fian\u00e1in a st\u00f3r\u00e1iltear ar do r\u00edomhaire, taibl\u00e9ad n\u00f3 f\u00f3n cliste nuair a thugann t\u00fa cuairt ar an su\u00edomh gr\u00e9as\u00e1in seo den ch\u00e9ad uair. Cad iad fian\u00e1in? Cinnt\u00edonn fian\u00e1in go bhfeidhm\u00edonn an su\u00edomh Gr\u00e9as\u00e1in i gceart agus go gcuimhn\u00edtear ar do [&hellip;]<\/p>\n","protected":false},"author":1,"featured_media":0,"parent":0,"menu_order":0,"comment_status":"closed","ping_status":"closed","template":"","meta":{"_angie_page":false,"_monsterinsights_skip_tracking":false,"_monsterinsights_sitenote_active":false,"_monsterinsights_sitenote_note":"","_monsterinsights_sitenote_category":0,"footnotes":""},"class_list":["post-3713","page","type-page","status-publish","hentry"],"yoast_head":"<!-- This site is optimized with the Yoast SEO plugin v27.4 - https:\/\/yoast.com\/product\/yoast-seo-wordpress\/ -->\n<title>Polasa\u00ed Fian\u00e1n - Van Dorst transport<\/title>\n<meta name=\"robots\" content=\"index, follow, max-snippet:-1, max-image-preview:large, max-video-preview:-1\" \/>\n<link rel=\"canonical\" href=\"https:\/\/vandorst-transport.com\/ga\/polasai-fianan\/\" \/>\n<meta property=\"og:locale\" content=\"en_US\" \/>\n<meta property=\"og:type\" content=\"article\" \/>\n<meta property=\"og:title\" content=\"Polasa\u00ed Fian\u00e1n - Van Dorst transport\" \/>\n<meta property=\"og:description\" content=\"\u00das\u00e1ideann Van Dorst Transport BV fian\u00e1in ar a shu\u00edomh gr\u00e9as\u00e1in. Is comhaid bheaga t\u00e9acs iad fian\u00e1in a st\u00f3r\u00e1iltear ar do r\u00edomhaire, taibl\u00e9ad n\u00f3 f\u00f3n cliste nuair a thugann t\u00fa cuairt ar an su\u00edomh gr\u00e9as\u00e1in seo den ch\u00e9ad uair. Cad iad fian\u00e1in? Cinnt\u00edonn fian\u00e1in go bhfeidhm\u00edonn an su\u00edomh Gr\u00e9as\u00e1in i gceart agus go gcuimhn\u00edtear ar do [&hellip;]\" \/>\n<meta property=\"og:url\" content=\"https:\/\/vandorst-transport.com\/ga\/polasai-fianan\/\" \/>\n<meta property=\"og:site_name\" content=\"Van Dorst transport\" \/>\n<meta property=\"article:modified_time\" content=\"2026-02-25T05:40:41+00:00\" \/>\n<meta name=\"twitter:card\" content=\"summary_large_image\" \/>\n<meta name=\"twitter:label1\" content=\"Est. reading time\" \/>\n\t<meta name=\"twitter:data1\" content=\"2 minutes\" \/>\n<script type=\"application\/ld+json\" class=\"yoast-schema-graph\">{\"@context\":\"https:\\\/\\\/schema.org\",\"@graph\":[{\"@type\":\"WebPage\",\"@id\":\"https:\\\/\\\/vandorst-transport.com\\\/ga\\\/polasai-fianan\\\/\",\"url\":\"https:\\\/\\\/vandorst-transport.com\\\/ga\\\/polasai-fianan\\\/\",\"name\":\"Polasa\u00ed Fian\u00e1n - Van Dorst transport\",\"isPartOf\":{\"@id\":\"https:\\\/\\\/vandorst-transport.com\\\/ga\\\/#website\"},\"datePublished\":\"2026-02-25T05:25:18+00:00\",\"dateModified\":\"2026-02-25T05:40:41+00:00\",\"breadcrumb\":{\"@id\":\"https:\\\/\\\/vandorst-transport.com\\\/ga\\\/polasai-fianan\\\/#breadcrumb\"},\"inLanguage\":\"ga\",\"potentialAction\":[{\"@type\":\"ReadAction\",\"target\":[\"https:\\\/\\\/vandorst-transport.com\\\/ga\\\/polasai-fianan\\\/\"]}]},{\"@type\":\"BreadcrumbList\",\"@id\":\"https:\\\/\\\/vandorst-transport.com\\\/ga\\\/polasai-fianan\\\/#breadcrumb\",\"itemListElement\":[{\"@type\":\"ListItem\",\"position\":1,\"name\":\"Home\",\"item\":\"https:\\\/\\\/vandorst-transport.com\\\/ga\\\/\"},{\"@type\":\"ListItem\",\"position\":2,\"name\":\"Polasa\u00ed Fian\u00e1n\"}]},{\"@type\":\"WebSite\",\"@id\":\"https:\\\/\\\/vandorst-transport.com\\\/ga\\\/#website\",\"url\":\"https:\\\/\\\/vandorst-transport.com\\\/ga\\\/\",\"name\":\"Van Dorst transport\",\"description\":\"\",\"publisher\":{\"@id\":\"https:\\\/\\\/vandorst-transport.com\\\/ga\\\/#organization\"},\"potentialAction\":[{\"@type\":\"SearchAction\",\"target\":{\"@type\":\"EntryPoint\",\"urlTemplate\":\"https:\\\/\\\/vandorst-transport.com\\\/ga\\\/?s={search_term_string}\"},\"query-input\":{\"@type\":\"PropertyValueSpecification\",\"valueRequired\":true,\"valueName\":\"search_term_string\"}}],\"inLanguage\":\"ga\"},{\"@type\":\"Organization\",\"@id\":\"https:\\\/\\\/vandorst-transport.com\\\/ga\\\/#organization\",\"name\":\"Van Dorst transport\",\"url\":\"https:\\\/\\\/vandorst-transport.com\\\/ga\\\/\",\"logo\":{\"@type\":\"ImageObject\",\"inLanguage\":\"ga\",\"@id\":\"https:\\\/\\\/vandorst-transport.com\\\/ga\\\/#\\\/schema\\\/logo\\\/image\\\/\",\"url\":\"https:\\\/\\\/vandorst-transport.com\\\/wp-content\\\/uploads\\\/2025\\\/02\\\/vDORST-Logo-wit.png\",\"contentUrl\":\"https:\\\/\\\/vandorst-transport.com\\\/wp-content\\\/uploads\\\/2025\\\/02\\\/vDORST-Logo-wit.png\",\"width\":795,\"height\":263,\"caption\":\"Van Dorst transport\"},\"image\":{\"@id\":\"https:\\\/\\\/vandorst-transport.com\\\/ga\\\/#\\\/schema\\\/logo\\\/image\\\/\"}}]}<\/script>\n<!-- \/ Yoast SEO plugin. -->","yoast_head_json":{"title":"Polasa\u00ed Fian\u00e1n - Van Dorst transport","robots":{"index":"index","follow":"follow","max-snippet":"max-snippet:-1","max-image-preview":"max-image-preview:large","max-video-preview":"max-video-preview:-1"},"canonical":"https:\/\/vandorst-transport.com\/ga\/polasai-fianan\/","og_locale":"en_US","og_type":"article","og_title":"Polasa\u00ed Fian\u00e1n - Van Dorst transport","og_description":"\u00das\u00e1ideann Van Dorst Transport BV fian\u00e1in ar a shu\u00edomh gr\u00e9as\u00e1in. Is comhaid bheaga t\u00e9acs iad fian\u00e1in a st\u00f3r\u00e1iltear ar do r\u00edomhaire, taibl\u00e9ad n\u00f3 f\u00f3n cliste nuair a thugann t\u00fa cuairt ar an su\u00edomh gr\u00e9as\u00e1in seo den ch\u00e9ad uair. Cad iad fian\u00e1in? Cinnt\u00edonn fian\u00e1in go bhfeidhm\u00edonn an su\u00edomh Gr\u00e9as\u00e1in i gceart agus go gcuimhn\u00edtear ar do [&hellip;]","og_url":"https:\/\/vandorst-transport.com\/ga\/polasai-fianan\/","og_site_name":"Van Dorst transport","article_modified_time":"2026-02-25T05:40:41+00:00","twitter_card":"summary_large_image","twitter_misc":{"Est. reading time":"2 minutes"},"schema":{"@context":"https:\/\/schema.org","@graph":[{"@type":"WebPage","@id":"https:\/\/vandorst-transport.com\/ga\/polasai-fianan\/","url":"https:\/\/vandorst-transport.com\/ga\/polasai-fianan\/","name":"Polasa\u00ed Fian\u00e1n - Van Dorst transport","isPartOf":{"@id":"https:\/\/vandorst-transport.com\/ga\/#website"},"datePublished":"2026-02-25T05:25:18+00:00","dateModified":"2026-02-25T05:40:41+00:00","breadcrumb":{"@id":"https:\/\/vandorst-transport.com\/ga\/polasai-fianan\/#breadcrumb"},"inLanguage":"ga","potentialAction":[{"@type":"ReadAction","target":["https:\/\/vandorst-transport.com\/ga\/polasai-fianan\/"]}]},{"@type":"BreadcrumbList","@id":"https:\/\/vandorst-transport.com\/ga\/polasai-fianan\/#breadcrumb","itemListElement":[{"@type":"ListItem","position":1,"name":"Home","item":"https:\/\/vandorst-transport.com\/ga\/"},{"@type":"ListItem","position":2,"name":"Polasa\u00ed Fian\u00e1n"}]},{"@type":"WebSite","@id":"https:\/\/vandorst-transport.com\/ga\/#website","url":"https:\/\/vandorst-transport.com\/ga\/","name":"Van Dorst transport","description":"","publisher":{"@id":"https:\/\/vandorst-transport.com\/ga\/#organization"},"potentialAction":[{"@type":"SearchAction","target":{"@type":"EntryPoint","urlTemplate":"https:\/\/vandorst-transport.com\/ga\/?s={search_term_string}"},"query-input":{"@type":"PropertyValueSpecification","valueRequired":true,"valueName":"search_term_string"}}],"inLanguage":"ga"},{"@type":"Organization","@id":"https:\/\/vandorst-transport.com\/ga\/#organization","name":"Van Dorst transport","url":"https:\/\/vandorst-transport.com\/ga\/","logo":{"@type":"ImageObject","inLanguage":"ga","@id":"https:\/\/vandorst-transport.com\/ga\/#\/schema\/logo\/image\/","url":"https:\/\/vandorst-transport.com\/wp-content\/uploads\/2025\/02\/vDORST-Logo-wit.png","contentUrl":"https:\/\/vandorst-transport.com\/wp-content\/uploads\/2025\/02\/vDORST-Logo-wit.png","width":795,"height":263,"caption":"Van Dorst transport"},"image":{"@id":"https:\/\/vandorst-transport.com\/ga\/#\/schema\/logo\/image\/"}}]}},"_links":{"self":[{"href":"https:\/\/vandorst-transport.com\/ga\/wp-json\/wp\/v2\/pages\/3713","targetHints":{"allow":["GET"]}}],"collection":[{"href":"https:\/\/vandorst-transport.com\/ga\/wp-json\/wp\/v2\/pages"}],"about":[{"href":"https:\/\/vandorst-transport.com\/ga\/wp-json\/wp\/v2\/types\/page"}],"author":[{"embeddable":true,"href":"https:\/\/vandorst-transport.com\/ga\/wp-json\/wp\/v2\/users\/1"}],"replies":[{"embeddable":true,"href":"https:\/\/vandorst-transport.com\/ga\/wp-json\/wp\/v2\/comments?post=3713"}],"version-history":[{"count":1,"href":"https:\/\/vandorst-transport.com\/ga\/wp-json\/wp\/v2\/pages\/3713\/revisions"}],"predecessor-version":[{"id":3716,"href":"https:\/\/vandorst-transport.com\/ga\/wp-json\/wp\/v2\/pages\/3713\/revisions\/3716"}],"wp:attachment":[{"href":"https:\/\/vandorst-transport.com\/ga\/wp-json\/wp\/v2\/media?parent=3713"}],"curies":[{"name":"wp","href":"https:\/\/api.w.org\/{rel}","templated":true}]}}