{"id":3701,"date":"2025-02-06T10:01:31","date_gmt":"2025-02-06T10:01:31","guid":{"rendered":"https:\/\/vandorst-transport.com\/ag-obair-ag\/"},"modified":"2026-02-28T11:02:28","modified_gmt":"2026-02-28T11:02:28","slug":"ag-obair-ag","status":"publish","type":"page","link":"https:\/\/vandorst-transport.com\/ga\/ag-obair-ag\/","title":{"rendered":"Ag obair ag"},"content":{"rendered":"\t\t<div data-elementor-type=\"wp-page\" data-elementor-id=\"3701\" class=\"elementor elementor-3701 elementor-2469\" data-elementor-post-type=\"page\">\n\t\t\t\t\t\t<section class=\"elementor-section elementor-top-section elementor-element elementor-element-e7395d8 elementor-section-boxed elementor-section-height-default elementor-section-height-default\" data-id=\"e7395d8\" data-element_type=\"section\" data-e-type=\"section\">\n\t\t\t\t\t\t<div class=\"elementor-container elementor-column-gap-default\">\n\t\t\t\t\t<div class=\"elementor-column elementor-col-100 elementor-top-column elementor-element elementor-element-ef0625e\" data-id=\"ef0625e\" data-element_type=\"column\" data-e-type=\"column\">\n\t\t\t<div class=\"elementor-widget-wrap elementor-element-populated\">\n\t\t\t\t\t\t<section class=\"elementor-section elementor-inner-section elementor-element elementor-element-f93773f elementor-section-boxed elementor-section-height-default elementor-section-height-default\" data-id=\"f93773f\" data-element_type=\"section\" data-e-type=\"section\">\n\t\t\t\t\t\t<div class=\"elementor-container elementor-column-gap-default\">\n\t\t\t\t\t<div class=\"elementor-column elementor-col-50 elementor-inner-column elementor-element elementor-element-6c7a3c0\" data-id=\"6c7a3c0\" data-element_type=\"column\" data-e-type=\"column\">\n\t\t\t<div class=\"elementor-widget-wrap elementor-element-populated\">\n\t\t\t\t\t\t<div class=\"elementor-element elementor-element-8772d4d elementor-widget elementor-widget-image\" data-id=\"8772d4d\" data-element_type=\"widget\" data-e-type=\"widget\" data-widget_type=\"image.default\">\n\t\t\t\t\t\t\t\t\t\t\t\t\t\t\t<img fetchpriority=\"high\" decoding=\"async\" width=\"683\" height=\"1024\" src=\"https:\/\/vandorst-transport.com\/wp-content\/uploads\/2025\/12\/VDT-20220129-HR-59-683x1024.jpg\" class=\"attachment-large size-large wp-image-3703\" alt=\"\" srcset=\"https:\/\/vandorst-transport.com\/wp-content\/uploads\/2025\/12\/VDT-20220129-HR-59-683x1024.jpg 683w, https:\/\/vandorst-transport.com\/wp-content\/uploads\/2025\/12\/VDT-20220129-HR-59-200x300.jpg 200w, https:\/\/vandorst-transport.com\/wp-content\/uploads\/2025\/12\/VDT-20220129-HR-59-768x1152.jpg 768w, https:\/\/vandorst-transport.com\/wp-content\/uploads\/2025\/12\/VDT-20220129-HR-59-1024x1536.jpg 1024w, https:\/\/vandorst-transport.com\/wp-content\/uploads\/2025\/12\/VDT-20220129-HR-59-1365x2048.jpg 1365w, https:\/\/vandorst-transport.com\/wp-content\/uploads\/2025\/12\/VDT-20220129-HR-59-scaled.jpg 1707w\" sizes=\"(max-width: 683px) 100vw, 683px\" \/>\t\t\t\t\t\t\t\t\t\t\t\t\t\t\t<\/div>\n\t\t\t\t\t<\/div>\n\t\t<\/div>\n\t\t\t\t<div class=\"elementor-column elementor-col-50 elementor-inner-column elementor-element elementor-element-ed6c667\" data-id=\"ed6c667\" data-element_type=\"column\" data-e-type=\"column\">\n\t\t\t<div class=\"elementor-widget-wrap elementor-element-populated\">\n\t\t\t\t\n\n\n\t\t<div class=\"elementor-element elementor-element-7b91ab6 elementor-widget elementor-widget-simple-heading\" data-id=\"7b91ab6\" data-element_type=\"widget\" data-e-type=\"widget\" data-widget_type=\"simple-heading.default\">\n\t\t\t\t<div class=\"elementor-widget-container\">\n\t\t\t\t\t        \t\t<div class=\"heading style-5\">\r\n\t\t\t<h3 class=\"heading-text\"><h2>T\u00e1imid ag lorg tiom\u00e1na\u00ed idirn\u00e1isi\u00fanta le haghaidh tr\u00e1chta laeth\u00fail go dt\u00ed an R\u00edocht Aontaithe!<\/h2>\n<\/h3>\r\n\t\t<\/div>\r\n\r\n\t\t\t\t\t\t<\/div>\n\t\t\t\t<\/div>\n\t\t\t\t<div class=\"elementor-element elementor-element-7fc2356 elementor-widget__width-initial elementor-widget elementor-widget-simple-heading\" data-id=\"7fc2356\" data-element_type=\"widget\" data-e-type=\"widget\" data-widget_type=\"simple-heading.default\">\n\t\t\t\t<div class=\"elementor-widget-container\">\n\t\t\t\t\t        \t\t<div class=\"heading style-5\">\r\n\t\t\t<p class=\"heading-text\"><p>An bhfuil t\u00fa r\u00e9idh le haghaidh poist \u00e9ags\u00falachta, freagrachta agus saoirse?\nAn mbainfidh t\u00fa taitneamh as trucail rialta, dea-chothabh\u00e1ilte a thiom\u00e1int agus oibri\u00fa i bhfoireann chairdi\u00fail agus dl\u00fath? <\/p>\n\n<p>Seo do dheis ansin!<\/p>\n\n<h3>Cad a thairgimid?<\/h3>\n<ul>\n<li>R\u00f3l neamhsple\u00e1ch agus \u00e9ags\u00fail<\/li>\n<li>Taisteal laeth\u00fail sa R\u00edocht Aontaithe<\/li>\n<li>Feithicil bhuan<\/li>\n<li>Ag obair laistigh de fhoireann thaitneamhach agus tiomanta<\/li>\n<\/ul>\n\n<p><strong>An bhfuil cuma rud \u00e9igin ort faoi seo?<\/strong><br>\nN\u00e1 fan n\u00edos faide agus d\u00e9an teagmh\u00e1il linn!<\/p>\n\n<p>\n<strong>R\u00edomhphost:<\/strong> <a href=\"mailto:Martijn@vandorst-transport.com\">Martijn@vandorst-transport.com<\/a><br>\n<strong>F\u00f3n:<\/strong> <a href=\"tel:+31765217778\">076 521 77 78<\/a>\n<\/p><\/p>\r\n\t\t<\/div>\r\n\r\n\t\t\t\t\t\t<\/div>\n\t\t\t\t<\/div>\n\t\t\t\t\t<\/div>\n\t\t<\/div>\n\t\t\t\t\t<\/div>\n\t\t<\/section>\n\t\t\t\t<section class=\"elementor-section elementor-inner-section elementor-element elementor-element-d48f0f9 elementor-section-boxed elementor-section-height-default elementor-section-height-default\" data-id=\"d48f0f9\" data-element_type=\"section\" data-e-type=\"section\">\n\t\t\t\t\t\t<div class=\"elementor-container elementor-column-gap-default\">\n\t\t\t\t\t<div class=\"elementor-column elementor-col-33 elementor-inner-column elementor-element elementor-element-756d411\" data-id=\"756d411\" data-element_type=\"column\" data-e-type=\"column\">\n\t\t\t<div class=\"elementor-widget-wrap elementor-element-populated\">\n\t\t\t\t\t\t<div class=\"elementor-element elementor-element-e2e717f elementor-widget elementor-widget-iconbox\" data-id=\"e2e717f\" data-element_type=\"widget\" data-e-type=\"widget\" data-widget_type=\"iconbox.default\">\n\t\t\t\t<div class=\"elementor-widget-container\">\n\t\t\t\t\t\n\t\t\t\t\n\t\t<div class=\"icon-box style5\">\n\t\t\t<div class=\"icon-box-icon\">\n\t\t\t\t\t\t\t\t<div class=\"icon\">\n\t\t\t\t\t<i class=\"flaticon flaticon-phone-call\"><\/i>\n\t\t\t\t<\/div>\n\t\t\t\t\t\t\t<\/div>\n\t\t\t<div class=\"icon-box-content\">\n\t\t\t\t<h4 class=\"title\">Glaoigh orainn<\/h4>\n\t\t\t\t<p class=\"description\"><a href=\"tel:+31765217778\">+31 (0) 76 521 77 78<\/a><br><\/p>\n\t\t\t<\/div>\n\t\t<\/div>\n\t\t\n\t\t\t\t\t\t<\/div>\n\t\t\t\t<\/div>\n\t\t\t\t\t<\/div>\n\t\t<\/div>\n\t\t\t\t<div class=\"elementor-column elementor-col-33 elementor-inner-column elementor-element elementor-element-5931115\" data-id=\"5931115\" data-element_type=\"column\" data-e-type=\"column\">\n\t\t\t<div class=\"elementor-widget-wrap elementor-element-populated\">\n\t\t\t\t\t\t<div class=\"elementor-element elementor-element-6bc1182 elementor-widget elementor-widget-iconbox\" data-id=\"6bc1182\" data-element_type=\"widget\" data-e-type=\"widget\" data-widget_type=\"iconbox.default\">\n\t\t\t\t<div class=\"elementor-widget-container\">\n\t\t\t\t\t\n\t\t\t\t\n\t\t<div class=\"icon-box style5\">\n\t\t\t<div class=\"icon-box-icon\">\n\t\t\t\t\t\t\t\t<div class=\"icon\">\n\t\t\t\t\t<i class=\"flaticon flaticon-email\"><\/i>\n\t\t\t\t<\/div>\n\t\t\t\t\t\t\t<\/div>\n\t\t\t<div class=\"icon-box-content\">\n\t\t\t\t<h4 class=\"title\">Seol R\u00edomhphost<\/h4>\n\t\t\t\t<p class=\"description\"><a href=\"mailto:info@vandorst-transport.com\">info@vandorst-transport.com<\/a><br><\/p>\n\t\t\t<\/div>\n\t\t<\/div>\n\t\t\n\t\t\t\t\t\t<\/div>\n\t\t\t\t<\/div>\n\t\t\t\t\t<\/div>\n\t\t<\/div>\n\t\t\t\t<div class=\"elementor-column elementor-col-33 elementor-inner-column elementor-element elementor-element-d7c183d\" data-id=\"d7c183d\" data-element_type=\"column\" data-e-type=\"column\">\n\t\t\t<div class=\"elementor-widget-wrap elementor-element-populated\">\n\t\t\t\t\t\t<div class=\"elementor-element elementor-element-5c42910 elementor-widget elementor-widget-iconbox\" data-id=\"5c42910\" data-element_type=\"widget\" data-e-type=\"widget\" data-widget_type=\"iconbox.default\">\n\t\t\t\t<div class=\"elementor-widget-container\">\n\t\t\t\t\t\n\t\t\t\t\n\t\t<div class=\"icon-box style5\">\n\t\t\t<div class=\"icon-box-icon\">\n\t\t\t\t\t\t\t\t<div class=\"icon\">\n\t\t\t\t\t<i class=\"flaticon flaticon-map\"><\/i>\n\t\t\t\t<\/div>\n\t\t\t\t\t\t\t<\/div>\n\t\t\t<div class=\"icon-box-content\">\n\t\t\t\t<h4 class=\"title\">\u00c1r seoladh<\/h4>\n\t\t\t\t<p class=\"description\">Van Dorst Transport Ettensebaan 6 4814 NN Breda An \u00cdsilt\u00edr<\/p>\n\t\t\t<\/div>\n\t\t<\/div>\n\t\t\n\t\t\t\t\t\t<\/div>\n\t\t\t\t<\/div>\n\t\t\t\t\t<\/div>\n\t\t<\/div>\n\t\t\t\t\t<\/div>\n\t\t<\/section>\n\t\t\t\t\t<\/div>\n\t\t<\/div>\n\t\t\t\t\t<\/div>\n\t\t<\/section>\n\t\t\t\t<\/div>\n\t\t","protected":false},"excerpt":{"rendered":"<p>T\u00e1imid ag lorg tiom\u00e1na\u00ed idirn\u00e1isi\u00fanta le haghaidh tr\u00e1chta laeth\u00fail go dt\u00ed an R\u00edocht Aontaithe! An bhfuil t\u00fa r\u00e9idh le haghaidh poist \u00e9ags\u00falachta, freagrachta agus saoirse? An mbainfidh t\u00fa taitneamh as trucail rialta, dea-chothabh\u00e1ilte a thiom\u00e1int agus oibri\u00fa i bhfoireann chairdi\u00fail agus dl\u00fath? Seo do dheis ansin! Cad a thairgimid? R\u00f3l neamhsple\u00e1ch agus \u00e9ags\u00fail Taisteal laeth\u00fail [&hellip;]<\/p>\n","protected":false},"author":6,"featured_media":0,"parent":0,"menu_order":0,"comment_status":"closed","ping_status":"closed","template":"page-templates\/template-default.php","meta":{"_angie_page":false,"_monsterinsights_skip_tracking":false,"_monsterinsights_sitenote_active":false,"_monsterinsights_sitenote_note":"","_monsterinsights_sitenote_category":0,"footnotes":""},"class_list":["post-3701","page","type-page","status-publish","hentry"],"yoast_head":"<!-- This site is optimized with the Yoast SEO plugin v27.4 - https:\/\/yoast.com\/product\/yoast-seo-wordpress\/ -->\n<title>Ag obair ag - Van Dorst transport<\/title>\n<meta name=\"robots\" content=\"index, follow, max-snippet:-1, max-image-preview:large, max-video-preview:-1\" \/>\n<link rel=\"canonical\" href=\"https:\/\/vandorst-transport.com\/ga\/ag-obair-ag\/\" \/>\n<meta property=\"og:locale\" content=\"en_US\" \/>\n<meta property=\"og:type\" content=\"article\" \/>\n<meta property=\"og:title\" content=\"Ag obair ag - Van Dorst transport\" \/>\n<meta property=\"og:description\" content=\"T\u00e1imid ag lorg tiom\u00e1na\u00ed idirn\u00e1isi\u00fanta le haghaidh tr\u00e1chta laeth\u00fail go dt\u00ed an R\u00edocht Aontaithe! An bhfuil t\u00fa r\u00e9idh le haghaidh poist \u00e9ags\u00falachta, freagrachta agus saoirse? An mbainfidh t\u00fa taitneamh as trucail rialta, dea-chothabh\u00e1ilte a thiom\u00e1int agus oibri\u00fa i bhfoireann chairdi\u00fail agus dl\u00fath? Seo do dheis ansin! Cad a thairgimid? R\u00f3l neamhsple\u00e1ch agus \u00e9ags\u00fail Taisteal laeth\u00fail [&hellip;]\" \/>\n<meta property=\"og:url\" content=\"https:\/\/vandorst-transport.com\/ga\/ag-obair-ag\/\" \/>\n<meta property=\"og:site_name\" content=\"Van Dorst transport\" \/>\n<meta property=\"article:modified_time\" content=\"2026-02-28T11:02:28+00:00\" \/>\n<meta property=\"og:image\" content=\"https:\/\/vandorst-transport.com\/wp-content\/uploads\/2025\/12\/VDT-20220129-HR-59-scaled.jpg\" \/>\n\t<meta property=\"og:image:width\" content=\"1707\" \/>\n\t<meta property=\"og:image:height\" content=\"2560\" \/>\n\t<meta property=\"og:image:type\" content=\"image\/jpeg\" \/>\n<meta name=\"twitter:card\" content=\"summary_large_image\" \/>\n<meta name=\"twitter:label1\" content=\"Est. reading time\" \/>\n\t<meta name=\"twitter:data1\" content=\"1 minute\" \/>\n<script type=\"application\/ld+json\" class=\"yoast-schema-graph\">{\"@context\":\"https:\\\/\\\/schema.org\",\"@graph\":[{\"@type\":\"WebPage\",\"@id\":\"https:\\\/\\\/vandorst-transport.com\\\/ga\\\/ag-obair-ag\\\/\",\"url\":\"https:\\\/\\\/vandorst-transport.com\\\/ga\\\/ag-obair-ag\\\/\",\"name\":\"Ag obair ag - Van Dorst transport\",\"isPartOf\":{\"@id\":\"https:\\\/\\\/vandorst-transport.com\\\/ga\\\/#website\"},\"primaryImageOfPage\":{\"@id\":\"https:\\\/\\\/vandorst-transport.com\\\/ga\\\/ag-obair-ag\\\/#primaryimage\"},\"image\":{\"@id\":\"https:\\\/\\\/vandorst-transport.com\\\/ga\\\/ag-obair-ag\\\/#primaryimage\"},\"thumbnailUrl\":\"https:\\\/\\\/vandorst-transport.com\\\/wp-content\\\/uploads\\\/2025\\\/12\\\/VDT-20220129-HR-59-683x1024.jpg\",\"datePublished\":\"2025-02-06T10:01:31+00:00\",\"dateModified\":\"2026-02-28T11:02:28+00:00\",\"breadcrumb\":{\"@id\":\"https:\\\/\\\/vandorst-transport.com\\\/ga\\\/ag-obair-ag\\\/#breadcrumb\"},\"inLanguage\":\"ga\",\"potentialAction\":[{\"@type\":\"ReadAction\",\"target\":[\"https:\\\/\\\/vandorst-transport.com\\\/ga\\\/ag-obair-ag\\\/\"]}]},{\"@type\":\"ImageObject\",\"inLanguage\":\"ga\",\"@id\":\"https:\\\/\\\/vandorst-transport.com\\\/ga\\\/ag-obair-ag\\\/#primaryimage\",\"url\":\"https:\\\/\\\/vandorst-transport.com\\\/wp-content\\\/uploads\\\/2025\\\/12\\\/VDT-20220129-HR-59-683x1024.jpg\",\"contentUrl\":\"https:\\\/\\\/vandorst-transport.com\\\/wp-content\\\/uploads\\\/2025\\\/12\\\/VDT-20220129-HR-59-683x1024.jpg\"},{\"@type\":\"BreadcrumbList\",\"@id\":\"https:\\\/\\\/vandorst-transport.com\\\/ga\\\/ag-obair-ag\\\/#breadcrumb\",\"itemListElement\":[{\"@type\":\"ListItem\",\"position\":1,\"name\":\"Home\",\"item\":\"https:\\\/\\\/vandorst-transport.com\\\/ga\\\/\"},{\"@type\":\"ListItem\",\"position\":2,\"name\":\"Ag obair ag\"}]},{\"@type\":\"WebSite\",\"@id\":\"https:\\\/\\\/vandorst-transport.com\\\/ga\\\/#website\",\"url\":\"https:\\\/\\\/vandorst-transport.com\\\/ga\\\/\",\"name\":\"Van Dorst transport\",\"description\":\"\",\"publisher\":{\"@id\":\"https:\\\/\\\/vandorst-transport.com\\\/ga\\\/#organization\"},\"potentialAction\":[{\"@type\":\"SearchAction\",\"target\":{\"@type\":\"EntryPoint\",\"urlTemplate\":\"https:\\\/\\\/vandorst-transport.com\\\/ga\\\/?s={search_term_string}\"},\"query-input\":{\"@type\":\"PropertyValueSpecification\",\"valueRequired\":true,\"valueName\":\"search_term_string\"}}],\"inLanguage\":\"ga\"},{\"@type\":\"Organization\",\"@id\":\"https:\\\/\\\/vandorst-transport.com\\\/ga\\\/#organization\",\"name\":\"Van Dorst transport\",\"url\":\"https:\\\/\\\/vandorst-transport.com\\\/ga\\\/\",\"logo\":{\"@type\":\"ImageObject\",\"inLanguage\":\"ga\",\"@id\":\"https:\\\/\\\/vandorst-transport.com\\\/ga\\\/#\\\/schema\\\/logo\\\/image\\\/\",\"url\":\"https:\\\/\\\/vandorst-transport.com\\\/wp-content\\\/uploads\\\/2025\\\/02\\\/vDORST-Logo-wit.png\",\"contentUrl\":\"https:\\\/\\\/vandorst-transport.com\\\/wp-content\\\/uploads\\\/2025\\\/02\\\/vDORST-Logo-wit.png\",\"width\":795,\"height\":263,\"caption\":\"Van Dorst transport\"},\"image\":{\"@id\":\"https:\\\/\\\/vandorst-transport.com\\\/ga\\\/#\\\/schema\\\/logo\\\/image\\\/\"}}]}<\/script>\n<!-- \/ Yoast SEO plugin. -->","yoast_head_json":{"title":"Ag obair ag - Van Dorst transport","robots":{"index":"index","follow":"follow","max-snippet":"max-snippet:-1","max-image-preview":"max-image-preview:large","max-video-preview":"max-video-preview:-1"},"canonical":"https:\/\/vandorst-transport.com\/ga\/ag-obair-ag\/","og_locale":"en_US","og_type":"article","og_title":"Ag obair ag - Van Dorst transport","og_description":"T\u00e1imid ag lorg tiom\u00e1na\u00ed idirn\u00e1isi\u00fanta le haghaidh tr\u00e1chta laeth\u00fail go dt\u00ed an R\u00edocht Aontaithe! An bhfuil t\u00fa r\u00e9idh le haghaidh poist \u00e9ags\u00falachta, freagrachta agus saoirse? An mbainfidh t\u00fa taitneamh as trucail rialta, dea-chothabh\u00e1ilte a thiom\u00e1int agus oibri\u00fa i bhfoireann chairdi\u00fail agus dl\u00fath? Seo do dheis ansin! Cad a thairgimid? R\u00f3l neamhsple\u00e1ch agus \u00e9ags\u00fail Taisteal laeth\u00fail [&hellip;]","og_url":"https:\/\/vandorst-transport.com\/ga\/ag-obair-ag\/","og_site_name":"Van Dorst transport","article_modified_time":"2026-02-28T11:02:28+00:00","og_image":[{"width":1707,"height":2560,"url":"https:\/\/vandorst-transport.com\/wp-content\/uploads\/2025\/12\/VDT-20220129-HR-59-scaled.jpg","type":"image\/jpeg"}],"twitter_card":"summary_large_image","twitter_misc":{"Est. reading time":"1 minute"},"schema":{"@context":"https:\/\/schema.org","@graph":[{"@type":"WebPage","@id":"https:\/\/vandorst-transport.com\/ga\/ag-obair-ag\/","url":"https:\/\/vandorst-transport.com\/ga\/ag-obair-ag\/","name":"Ag obair ag - Van Dorst transport","isPartOf":{"@id":"https:\/\/vandorst-transport.com\/ga\/#website"},"primaryImageOfPage":{"@id":"https:\/\/vandorst-transport.com\/ga\/ag-obair-ag\/#primaryimage"},"image":{"@id":"https:\/\/vandorst-transport.com\/ga\/ag-obair-ag\/#primaryimage"},"thumbnailUrl":"https:\/\/vandorst-transport.com\/wp-content\/uploads\/2025\/12\/VDT-20220129-HR-59-683x1024.jpg","datePublished":"2025-02-06T10:01:31+00:00","dateModified":"2026-02-28T11:02:28+00:00","breadcrumb":{"@id":"https:\/\/vandorst-transport.com\/ga\/ag-obair-ag\/#breadcrumb"},"inLanguage":"ga","potentialAction":[{"@type":"ReadAction","target":["https:\/\/vandorst-transport.com\/ga\/ag-obair-ag\/"]}]},{"@type":"ImageObject","inLanguage":"ga","@id":"https:\/\/vandorst-transport.com\/ga\/ag-obair-ag\/#primaryimage","url":"https:\/\/vandorst-transport.com\/wp-content\/uploads\/2025\/12\/VDT-20220129-HR-59-683x1024.jpg","contentUrl":"https:\/\/vandorst-transport.com\/wp-content\/uploads\/2025\/12\/VDT-20220129-HR-59-683x1024.jpg"},{"@type":"BreadcrumbList","@id":"https:\/\/vandorst-transport.com\/ga\/ag-obair-ag\/#breadcrumb","itemListElement":[{"@type":"ListItem","position":1,"name":"Home","item":"https:\/\/vandorst-transport.com\/ga\/"},{"@type":"ListItem","position":2,"name":"Ag obair ag"}]},{"@type":"WebSite","@id":"https:\/\/vandorst-transport.com\/ga\/#website","url":"https:\/\/vandorst-transport.com\/ga\/","name":"Van Dorst transport","description":"","publisher":{"@id":"https:\/\/vandorst-transport.com\/ga\/#organization"},"potentialAction":[{"@type":"SearchAction","target":{"@type":"EntryPoint","urlTemplate":"https:\/\/vandorst-transport.com\/ga\/?s={search_term_string}"},"query-input":{"@type":"PropertyValueSpecification","valueRequired":true,"valueName":"search_term_string"}}],"inLanguage":"ga"},{"@type":"Organization","@id":"https:\/\/vandorst-transport.com\/ga\/#organization","name":"Van Dorst transport","url":"https:\/\/vandorst-transport.com\/ga\/","logo":{"@type":"ImageObject","inLanguage":"ga","@id":"https:\/\/vandorst-transport.com\/ga\/#\/schema\/logo\/image\/","url":"https:\/\/vandorst-transport.com\/wp-content\/uploads\/2025\/02\/vDORST-Logo-wit.png","contentUrl":"https:\/\/vandorst-transport.com\/wp-content\/uploads\/2025\/02\/vDORST-Logo-wit.png","width":795,"height":263,"caption":"Van Dorst transport"},"image":{"@id":"https:\/\/vandorst-transport.com\/ga\/#\/schema\/logo\/image\/"}}]}},"_links":{"self":[{"href":"https:\/\/vandorst-transport.com\/ga\/wp-json\/wp\/v2\/pages\/3701","targetHints":{"allow":["GET"]}}],"collection":[{"href":"https:\/\/vandorst-transport.com\/ga\/wp-json\/wp\/v2\/pages"}],"about":[{"href":"https:\/\/vandorst-transport.com\/ga\/wp-json\/wp\/v2\/types\/page"}],"author":[{"embeddable":true,"href":"https:\/\/vandorst-transport.com\/ga\/wp-json\/wp\/v2\/users\/6"}],"replies":[{"embeddable":true,"href":"https:\/\/vandorst-transport.com\/ga\/wp-json\/wp\/v2\/comments?post=3701"}],"version-history":[{"count":4,"href":"https:\/\/vandorst-transport.com\/ga\/wp-json\/wp\/v2\/pages\/3701\/revisions"}],"predecessor-version":[{"id":4245,"href":"https:\/\/vandorst-transport.com\/ga\/wp-json\/wp\/v2\/pages\/3701\/revisions\/4245"}],"wp:attachment":[{"href":"https:\/\/vandorst-transport.com\/ga\/wp-json\/wp\/v2\/media?parent=3701"}],"curies":[{"name":"wp","href":"https:\/\/api.w.org\/{rel}","templated":true}]}}